{"id":243169,"date":"2020-12-03T09:55:37","date_gmt":"2020-12-03T13:55:37","guid":{"rendered":"https:\/\/app-oat-wordpress001-prod.azurewebsites.net\/?page_id=243169"},"modified":"2025-10-14T16:56:20","modified_gmt":"2025-10-14T20:56:20","slug":"recorridos-virtual","status":"publish","type":"page","link":"https:\/\/poderjudicial.pr\/recorridos-virtual\/","title":{"rendered":"Recorridos virtuales"},"content":{"rendered":"<p>[et_pb_section fb_built=\u00bb1&#8243; fullwidth=\u00bbon\u00bb disabled_on=\u00bboff|off|off\u00bb admin_label=\u00bbBanner generico\u00bb _builder_version=\u00bb4.27.4&#8243; _module_preset=\u00bbdefault\u00bb background_color=\u00bbrgba(0,0,0,0)\u00bb background_enable_color=\u00bboff\u00bb background_image=\u00bbhttps:\/\/stoatwordpressprod.blob.core.windows.net\/wpcontent\/2019\/08\/Main-1.jpg\u00bb background_enable_image=\u00bboff\u00bb parallax=\u00bbon\u00bb module_alignment=\u00bbcenter\u00bb custom_margin=\u00bb0px||0px||false|false\u00bb custom_margin_tablet=\u00bb||||false|false\u00bb custom_margin_phone=\u00bb||||false|false\u00bb custom_margin_last_edited=\u00bbon|desktop\u00bb custom_padding=\u00bb0px||0px||false|false\u00bb top_divider_color=\u00bbrgba(255,255,255,0.06)\u00bb top_divider_height=\u00bb30%\u00bb bottom_divider_color=\u00bb#ffffff\u00bb bottom_divider_height=\u00bb16px\u00bb da_disable_devices=\u00bboff|off|off\u00bb global_module=\u00bb225205&#8243; saved_tabs=\u00bball\u00bb locked=\u00bboff\u00bb global_colors_info=\u00bb{}\u00bb da_is_popup=\u00bboff\u00bb da_exit_intent=\u00bboff\u00bb da_has_close=\u00bbon\u00bb da_alt_close=\u00bboff\u00bb da_dark_close=\u00bboff\u00bb da_not_modal=\u00bbon\u00bb da_is_singular=\u00bboff\u00bb da_with_loader=\u00bboff\u00bb da_has_shadow=\u00bbon\u00bb][et_pb_fullwidth_header text_orientation=\u00bbcenter\u00bb logo_image_url=\u00bbhttps:\/\/stoatwordpressprod.blob.core.windows.net\/wpcontent\/2023\/08\/logo_poder_judicial_new.webp\u00bb content_max_width=\u00bb40%\u00bb content_max_width_tablet=\u00bb\u00bb content_max_width_phone=\u00bb100%\u00bb content_max_width_last_edited=\u00bbon|phone\u00bb _builder_version=\u00bb4.27.4&#8243; background_enable_color=\u00bboff\u00bb background_image=\u00bbhttps:\/\/stoatwordpressprod.blob.core.windows.net\/wpcontent\/2025\/09\/Bacground-banner-main-scaled.webp\u00bb background_position=\u00bbbottom_center\u00bb background_blend=\u00bbhue\u00bb z_index=\u00bbauto\u00bb module_alignment=\u00bbcenter\u00bb custom_padding=\u00bb50px||50px||true|false\u00bb custom_padding_tablet=\u00bb\u00bb custom_padding_phone=\u00bb10px||10px||true|false\u00bb custom_padding_last_edited=\u00bbon|phone\u00bb button_one_border_radius_hover=\u00bb100px\u00bb button_two_border_radius_hover=\u00bb100px\u00bb button_one_bg_color_hover=\u00bb#ff8a70&#8243; button_two_bg_color_hover=\u00bb#ff8a70&#8243; locked=\u00bboff\u00bb global_colors_info=\u00bb{}\u00bb][\/et_pb_fullwidth_header][\/et_pb_section][et_pb_section fb_built=\u00bb1&#8243; custom_padding_last_edited=\u00bbon|desktop\u00bb admin_label=\u00bbBreadcrumb\u00bb _builder_version=\u00bb4.27.3&#8243; _module_preset=\u00bb_initial\u00bb background_color=\u00bbRGBA(255,255,255,0)\u00bb custom_margin=\u00bb||||false|false\u00bb custom_padding=\u00bb40px|0px|0|0px|false|false\u00bb custom_padding_tablet=\u00bb||||false|true\u00bb custom_padding_phone=\u00bb||||false|true\u00bb bottom_divider_height=\u00bb16px\u00bb da_popup_slug=\u00bbProblemas\u00bb da_disable_devices=\u00bboff|off|off\u00bb global_module=\u00bb230299&#8243; saved_tabs=\u00bball\u00bb locked=\u00bboff\u00bb global_colors_info=\u00bb{}\u00bb da_is_popup=\u00bboff\u00bb da_exit_intent=\u00bboff\u00bb da_has_close=\u00bbon\u00bb da_alt_close=\u00bboff\u00bb da_dark_close=\u00bboff\u00bb da_not_modal=\u00bbon\u00bb da_is_singular=\u00bboff\u00bb da_with_loader=\u00bboff\u00bb da_has_shadow=\u00bbon\u00bb][et_pb_row _builder_version=\u00bb4.27.4&#8243; _module_preset=\u00bb586a3fa9-30c2-41a4-8522-8ebec52cb6ae\u00bb locked=\u00bboff\u00bb global_colors_info=\u00bb%91%93&#8243;][et_pb_column type=\u00bb4_4&#8243; _builder_version=\u00bb4.16&#8243; custom_padding=\u00bb||0px||false|false\u00bb global_colors_info=\u00bb{}\u00bb custom_padding__hover=\u00bb|||\u00bb][et_pb_text _builder_version=\u00bb4.27.4&#8243; _dynamic_attributes=\u00bbcontent\u00bb _module_preset=\u00bbabef2bd7-4697-4d51-aa26-e362da54bd7f\u00bb locked=\u00bboff\u00bb global_colors_info=\u00bb%91%93&#8243;]@ET-DC@eyJkeW5hbWljIjp0cnVlLCJjb250ZW50IjoicG9zdF90aXRsZSIsInNldHRpbmdzIjp7ImJlZm9yZSI6IjxoMT4iLCJhZnRlciI6IjwvaDE+In19@[\/et_pb_text][et_pb_text admin_label=\u00bbBreadcrumbs Ingles\u00bb _builder_version=\u00bb4.27.4&#8243; link_font=\u00bb|600|||||||\u00bb link_text_color=\u00bb#507F91&#8243; header_2_font=\u00bbRubik||||||||\u00bb header_3_font=\u00bbRubik||||||||\u00bb min_height=\u00bb40px\u00bb custom_padding=\u00bb||0px||false|false\u00bb custom_padding_tablet=\u00bb|0px||0px|false|true\u00bb custom_padding_phone=\u00bb0px||10px||false|false\u00bb custom_padding_last_edited=\u00bbon|phone\u00bb animation_direction=\u00bbright\u00bb text_line_height_tablet=\u00bb\u00bb text_line_height_phone=\u00bb1.5em\u00bb text_line_height_last_edited=\u00bbon|phone\u00bb header_2_font_size_tablet=\u00bb26px\u00bb header_2_font_size_phone=\u00bb20px\u00bb header_2_font_size_last_edited=\u00bbon|desktop\u00bb border_color_all=\u00bbrgba(76,120,131,0.1)\u00bb border_width_bottom=\u00bb0px\u00bb locked=\u00bboff\u00bb global_colors_info=\u00bb%91%93&#8243; background__hover_enabled=\u00bbon\u00bb]<\/p>\n<p><a href=\"https:\/\/poderjudicial.pr\/\">Inicio<\/a> \/ <\/p>\n<p>[\/et_pb_text][\/et_pb_column][\/et_pb_row][\/et_pb_section][et_pb_section fb_built=\u00bb1&#8243; admin_label=\u00bbDirectorio de Ayuda\u00bb _builder_version=\u00bb4.27.4&#8243; _module_preset=\u00bb23163ac4-fd25-426f-a02f-d0cba0165de7&#8243; custom_padding=\u00bb25px||27px||false|false\u00bb custom_padding_phone=\u00bb0px||0px||false|false\u00bb da_disable_devices=\u00bboff|off|off\u00bb use_custom_width=\u00bbon\u00bb custom_width_px=\u00bb1200px\u00bb custom_width_px__hover=\u00bb1080px\u00bb custom_width_px__hover_enabled=\u00bb1080px\u00bb custom_width_percent__hover=\u00bb80%\u00bb custom_width_percent__hover_enabled=\u00bb80%\u00bb collapsed=\u00bboff\u00bb global_colors_info=\u00bb{}\u00bb make_fullwidth__hover=\u00bboff\u00bb make_fullwidth__hover_enabled=\u00bboff\u00bb use_custom_width__hover=\u00bboff\u00bb use_custom_width__hover_enabled=\u00bboff\u00bb width_unit__hover=\u00bbon\u00bb width_unit__hover_enabled=\u00bbon\u00bb da_is_popup=\u00bboff\u00bb da_exit_intent=\u00bboff\u00bb da_has_close=\u00bbon\u00bb da_alt_close=\u00bboff\u00bb da_dark_close=\u00bboff\u00bb da_not_modal=\u00bbon\u00bb da_is_singular=\u00bboff\u00bb da_with_loader=\u00bboff\u00bb da_has_shadow=\u00bbon\u00bb][et_pb_row _builder_version=\u00bb4.27.4&#8243; _module_preset=\u00bba642287f-6fa0-4a7e-a4de-985c7f20cfb7&#8243; custom_padding=\u00bb0px||40px||false|false\u00bb use_custom_width=\u00bbon\u00bb custom_width_px=\u00bb1200px\u00bb global_colors_info=\u00bb{}\u00bb][et_pb_column type=\u00bb4_4&#8243; _builder_version=\u00bb4.16&#8243; custom_padding=\u00bb|||\u00bb global_colors_info=\u00bb{}\u00bb custom_padding__hover=\u00bb|||\u00bb][et_pb_text _builder_version=\u00bb4.16&#8243; _module_preset=\u00bbdefault\u00bb custom_padding_tablet=\u00bb|0px||0px|false|true\u00bb custom_padding_phone=\u00bb|0px||0px|false|true\u00bb global_colors_info=\u00bb{}\u00bb]<\/p>\n<p>El Poder Judicial de Puerto Rico ha adoptado varias iniciativas tecnol\u00f3gicas dirigidas a promover la educaci\u00f3n, el acceso a la justicia y la transparencia. En reconocimiento de la gran utilidad de la tecnolog\u00eda como herramienta educativa, y en miras de acercar a la comunidad y a sus tribunales, se desarrollaron recorridos virtuales de los tribunales de Puerto Rico. Con estos recorridos, las personas tendr\u00e1n la oportunidad de conocer algunas de las dependencias del Poder Judicial y acceder informaci\u00f3n valiosa sobre el Sistema de Tribunales.<\/p>\n<p>[\/et_pb_text][\/et_pb_column][\/et_pb_row][et_pb_row column_structure=\u00bb1_3,1_3,1_3&#8243; use_custom_gutter=\u00bbon\u00bb custom_padding_last_edited=\u00bbon|phone\u00bb _builder_version=\u00bb4.27.4&#8243; _module_preset=\u00bba642287f-6fa0-4a7e-a4de-985c7f20cfb7&#8243; background_color=\u00bb#FAFBFB\u00bb custom_margin=\u00bb0px||30px||false|false\u00bb custom_padding=\u00bb30px|30px|30px|30px|true|true\u00bb custom_padding_tablet=\u00bb30px|25px|30px|25px|true|true\u00bb custom_padding_phone=\u00bb30px|25px|30px|25px|true|true\u00bb border_radii=\u00bbon|10px|10px|10px|10px\u00bb border_width_all=\u00bb1px\u00bb border_color_all=\u00bb#d8e3ea\u00bb border_radii_tablet=\u00bbon|0px|0px|0px|0px\u00bb border_radii_phone=\u00bbon|0px|0px|0px|0px\u00bb border_radii_last_edited=\u00bbon|phone\u00bb locked=\u00bboff\u00bb global_colors_info=\u00bb{}\u00bb][et_pb_column type=\u00bb1_3&#8243; _builder_version=\u00bb4.16&#8243; _module_preset=\u00bbdefault\u00bb global_colors_info=\u00bb{}\u00bb][et_pb_blurb title=\u00bb Tribunal Supremo\u00bb url=\u00bb@ET-DC@eyJkeW5hbWljIjp0cnVlLCJjb250ZW50IjoicG9zdF9saW5rX3VybF9wYWdlIiwic2V0dGluZ3MiOnsicG9zdF9pZCI6IjI0MzI3NCJ9fQ==@\u00bb image=\u00bbhttps:\/\/stoatwordpressprod.blob.core.windows.net\/wpcontent\/2020\/12\/Pleno.jpg\u00bb alt=\u00bbPleno\u00bb _builder_version=\u00bb4.27.4&#8243; _dynamic_attributes=\u00bburl,link_option_url\u00bb _module_preset=\u00bb5f59e043-c830-483b-b7b8-872392fb8242&#8243; header_text_color=\u00bb#000000&#8243; header_font_size=\u00bb20px\u00bb custom_padding=\u00bb20px|0px|20px|0px|true|true\u00bb link_option_url=\u00bb@ET-DC@eyJkeW5hbWljIjp0cnVlLCJjb250ZW50IjoicG9zdF9saW5rX3VybF9wYWdlIiwic2V0dGluZ3MiOnsicG9zdF9pZCI6IjI0MzI3NCJ9fQ==@\u00bb border_radii_image=\u00bbon|5px|5px|5px|5px\u00bb global_colors_info=\u00bb{}\u00bb border_width_bottom__hover_enabled=\u00bboff|desktop\u00bb border_color_bottom__hover_enabled=\u00bboff|desktop\u00bb image_icon_background_color__hover_enabled=\u00bboff|desktop\u00bb border_color_all__hover=\u00bb\u00bb border_color_all__hover_enabled=\u00bbon|hover\u00bb header_text_color__hover_enabled=\u00bboff|desktop\u00bb][\/et_pb_blurb][\/et_pb_column][et_pb_column type=\u00bb1_3&#8243; _builder_version=\u00bb4.16&#8243; _module_preset=\u00bbdefault\u00bb global_colors_info=\u00bb{}\u00bb][et_pb_blurb title=\u00bb Tribunal de Apelaciones\u00bb url=\u00bb@ET-DC@eyJkeW5hbWljIjp0cnVlLCJjb250ZW50IjoicG9zdF9saW5rX3VybF9wYWdlIiwic2V0dGluZ3MiOnsicG9zdF9pZCI6IjQwMjAzMCJ9fQ==@\u00bb image=\u00bbhttps:\/\/stoatwordpressprod.blob.core.windows.net\/wpcontent\/2020\/12\/Apelaciones.jpg\u00bb alt=\u00bbTribunal de Apelaciones\u00bb _builder_version=\u00bb4.27.2&#8243; _dynamic_attributes=\u00bburl,link_option_url\u00bb _module_preset=\u00bb5f59e043-c830-483b-b7b8-872392fb8242&#8243; header_text_color=\u00bb#000000&#8243; header_font_size=\u00bb20px\u00bb custom_padding=\u00bb20px|0px|20px|0px|true|true\u00bb link_option_url=\u00bb@ET-DC@eyJkeW5hbWljIjp0cnVlLCJjb250ZW50IjoicG9zdF9saW5rX3VybF9wYWdlIiwic2V0dGluZ3MiOnsicG9zdF9pZCI6IjQwMjAzMCJ9fQ==@\u00bb border_radii_image=\u00bbon|5px|5px|5px|5px\u00bb global_colors_info=\u00bb{}\u00bb border_color_bottom__hover_enabled=\u00bboff|desktop\u00bb border_width_bottom__hover_enabled=\u00bboff|desktop\u00bb header_text_color__hover_enabled=\u00bboff|desktop\u00bb][\/et_pb_blurb][\/et_pb_column][et_pb_column type=\u00bb1_3&#8243; _builder_version=\u00bb4.16&#8243; _module_preset=\u00bbdefault\u00bb global_colors_info=\u00bb{}\u00bb][et_pb_blurb title=\u00bb Tribunal de Primera Instancia\u00bb url=\u00bb@ET-DC@eyJkeW5hbWljIjp0cnVlLCJjb250ZW50IjoicG9zdF9saW5rX3VybF9wYWdlIiwic2V0dGluZ3MiOnsicG9zdF9pZCI6IjM5NjUzOCJ9fQ==@\u00bb image=\u00bbhttps:\/\/stoatwordpressprod.blob.core.windows.net\/wpcontent\/2020\/12\/TPI.jpg\u00bb alt=\u00bbTribunal de Primera Instancia\u00bb _builder_version=\u00bb4.27.2&#8243; _dynamic_attributes=\u00bburl,link_option_url\u00bb _module_preset=\u00bb5f59e043-c830-483b-b7b8-872392fb8242&#8243; header_text_color=\u00bb#000000&#8243; header_font_size=\u00bb20px\u00bb custom_padding=\u00bb20px|0px|20px|0px|true|true\u00bb link_option_url=\u00bb@ET-DC@eyJkeW5hbWljIjp0cnVlLCJjb250ZW50IjoicG9zdF9saW5rX3VybF9wYWdlIiwic2V0dGluZ3MiOnsicG9zdF9pZCI6IjM5NjUzOCJ9fQ==@\u00bb border_radii_image=\u00bbon|5px|5px|5px|5px\u00bb global_colors_info=\u00bb{}\u00bb border_width_bottom__hover_enabled=\u00bboff|desktop\u00bb border_color_bottom__hover_enabled=\u00bboff|desktop\u00bb border_color_all__hover_enabled=\u00bbon|hover\u00bb header_text_color__hover_enabled=\u00bboff|desktop\u00bb][\/et_pb_blurb][\/et_pb_column][\/et_pb_row][\/et_pb_section]<\/p>\n","protected":false},"excerpt":{"rendered":"<p>El Poder Judicial de Puerto Rico ha adoptado varias iniciativas tecnol\u00f3gicas dirigidas a promover la educaci\u00f3n, el acceso a la justicia y la transparencia<\/p>\n","protected":false},"author":4,"featured_media":0,"parent":0,"menu_order":0,"comment_status":"closed","ping_status":"closed","template":"","meta":{"_et_pb_use_builder":"on","_et_pb_old_content":"","_et_gb_content_width":"","_monsterinsights_skip_tracking":false,"_monsterinsights_sitenote_active":false,"_monsterinsights_sitenote_note":"","_monsterinsights_sitenote_category":0,"footnotes":""},"class_list":["post-243169","page","type-page","status-publish","hentry"],"yoast_head":"<!-- This site is optimized with the Yoast SEO plugin v27.3 - https:\/\/yoast.com\/product\/yoast-seo-wordpress\/ -->\n<title>Recorridos virtuales - Poder Judicial de Puerto Rico<\/title>\n<meta name=\"description\" content=\"El Poder Judicial de Puerto Rico ha adoptado varias iniciativas tecnol\u00f3gicas dirigidas a promover la educaci\u00f3n, el acceso a la justicia y la transparencia\" \/>\n<meta name=\"robots\" content=\"index, follow, max-snippet:-1, max-image-preview:large, max-video-preview:-1\" \/>\n<link rel=\"canonical\" href=\"https:\/\/poderjudicial.pr\/recorridos-virtual\/\" \/>\n<meta property=\"og:locale\" content=\"es_ES\" \/>\n<meta property=\"og:type\" content=\"article\" \/>\n<meta property=\"og:title\" content=\"Recorridos virtuales - Poder Judicial de Puerto Rico\" \/>\n<meta property=\"og:description\" content=\"El Poder Judicial de Puerto Rico ha adoptado varias iniciativas tecnol\u00f3gicas dirigidas a promover la educaci\u00f3n, el acceso a la justicia y la transparencia\" \/>\n<meta property=\"og:url\" content=\"https:\/\/poderjudicial.pr\/recorridos-virtual\/\" \/>\n<meta property=\"og:site_name\" content=\"Poder Judicial de Puerto Rico\" \/>\n<meta property=\"article:modified_time\" content=\"2025-10-14T20:56:20+00:00\" \/>\n<meta name=\"twitter:card\" content=\"summary_large_image\" \/>\n<meta name=\"twitter:label1\" content=\"Est. reading time\" \/>\n\t<meta name=\"twitter:data1\" content=\"7 minutos\" \/>\n<script type=\"application\/ld+json\" class=\"yoast-schema-graph\">{\"@context\":\"https:\\\/\\\/schema.org\",\"@graph\":[{\"@type\":\"WebPage\",\"@id\":\"https:\\\/\\\/poderjudicial.pr\\\/recorridos-virtual\\\/\",\"url\":\"https:\\\/\\\/poderjudicial.pr\\\/recorridos-virtual\\\/\",\"name\":\"Recorridos virtuales - Poder Judicial de Puerto Rico\",\"isPartOf\":{\"@id\":\"https:\\\/\\\/poderjudicial.pr\\\/#website\"},\"datePublished\":\"2020-12-03T13:55:37+00:00\",\"dateModified\":\"2025-10-14T20:56:20+00:00\",\"description\":\"El Poder Judicial de Puerto Rico ha adoptado varias iniciativas tecnol\u00f3gicas dirigidas a promover la educaci\u00f3n, el acceso a la justicia y la transparencia\",\"inLanguage\":\"es\",\"potentialAction\":[{\"@type\":\"ReadAction\",\"target\":[\"https:\\\/\\\/poderjudicial.pr\\\/recorridos-virtual\\\/\"]}]},{\"@type\":\"WebSite\",\"@id\":\"https:\\\/\\\/poderjudicial.pr\\\/#website\",\"url\":\"https:\\\/\\\/poderjudicial.pr\\\/\",\"name\":\"Poder Judicial de Puerto Rico\",\"description\":\"La Justicia somos todos\",\"publisher\":{\"@id\":\"https:\\\/\\\/poderjudicial.pr\\\/#organization\"},\"potentialAction\":[{\"@type\":\"SearchAction\",\"target\":{\"@type\":\"EntryPoint\",\"urlTemplate\":\"https:\\\/\\\/poderjudicial.pr\\\/?s={search_term_string}\"},\"query-input\":{\"@type\":\"PropertyValueSpecification\",\"valueRequired\":true,\"valueName\":\"search_term_string\"}}],\"inLanguage\":\"es\"},{\"@type\":\"Organization\",\"@id\":\"https:\\\/\\\/poderjudicial.pr\\\/#organization\",\"name\":\"Poder Judicial de Puerto Rico\",\"url\":\"https:\\\/\\\/poderjudicial.pr\\\/\",\"logo\":{\"@type\":\"ImageObject\",\"inLanguage\":\"es\",\"@id\":\"https:\\\/\\\/poderjudicial.pr\\\/#\\\/schema\\\/logo\\\/image\\\/\",\"url\":\"https:\\\/\\\/stoatwordpressprod.blob.core.windows.net\\\/wpcontent\\\/2022\\\/12\\\/Logo.webp\",\"contentUrl\":\"https:\\\/\\\/stoatwordpressprod.blob.core.windows.net\\\/wpcontent\\\/2022\\\/12\\\/Logo.webp\",\"width\":110,\"height\":110,\"caption\":\"Poder Judicial de Puerto Rico\"},\"image\":{\"@id\":\"https:\\\/\\\/poderjudicial.pr\\\/#\\\/schema\\\/logo\\\/image\\\/\"}}]}<\/script>\n<!-- \/ Yoast SEO plugin. -->","yoast_head_json":{"title":"Recorridos virtuales - Poder Judicial de Puerto Rico","description":"El Poder Judicial de Puerto Rico ha adoptado varias iniciativas tecnol\u00f3gicas dirigidas a promover la educaci\u00f3n, el acceso a la justicia y la transparencia","robots":{"index":"index","follow":"follow","max-snippet":"max-snippet:-1","max-image-preview":"max-image-preview:large","max-video-preview":"max-video-preview:-1"},"canonical":"https:\/\/poderjudicial.pr\/recorridos-virtual\/","og_locale":"es_ES","og_type":"article","og_title":"Recorridos virtuales - Poder Judicial de Puerto Rico","og_description":"El Poder Judicial de Puerto Rico ha adoptado varias iniciativas tecnol\u00f3gicas dirigidas a promover la educaci\u00f3n, el acceso a la justicia y la transparencia","og_url":"https:\/\/poderjudicial.pr\/recorridos-virtual\/","og_site_name":"Poder Judicial de Puerto Rico","article_modified_time":"2025-10-14T20:56:20+00:00","twitter_card":"summary_large_image","twitter_misc":{"Est. reading time":"7 minutos"},"schema":{"@context":"https:\/\/schema.org","@graph":[{"@type":"WebPage","@id":"https:\/\/poderjudicial.pr\/recorridos-virtual\/","url":"https:\/\/poderjudicial.pr\/recorridos-virtual\/","name":"Recorridos virtuales - Poder Judicial de Puerto Rico","isPartOf":{"@id":"https:\/\/poderjudicial.pr\/#website"},"datePublished":"2020-12-03T13:55:37+00:00","dateModified":"2025-10-14T20:56:20+00:00","description":"El Poder Judicial de Puerto Rico ha adoptado varias iniciativas tecnol\u00f3gicas dirigidas a promover la educaci\u00f3n, el acceso a la justicia y la transparencia","inLanguage":"es","potentialAction":[{"@type":"ReadAction","target":["https:\/\/poderjudicial.pr\/recorridos-virtual\/"]}]},{"@type":"WebSite","@id":"https:\/\/poderjudicial.pr\/#website","url":"https:\/\/poderjudicial.pr\/","name":"Poder Judicial de Puerto Rico","description":"La Justicia somos todos","publisher":{"@id":"https:\/\/poderjudicial.pr\/#organization"},"potentialAction":[{"@type":"SearchAction","target":{"@type":"EntryPoint","urlTemplate":"https:\/\/poderjudicial.pr\/?s={search_term_string}"},"query-input":{"@type":"PropertyValueSpecification","valueRequired":true,"valueName":"search_term_string"}}],"inLanguage":"es"},{"@type":"Organization","@id":"https:\/\/poderjudicial.pr\/#organization","name":"Poder Judicial de Puerto Rico","url":"https:\/\/poderjudicial.pr\/","logo":{"@type":"ImageObject","inLanguage":"es","@id":"https:\/\/poderjudicial.pr\/#\/schema\/logo\/image\/","url":"https:\/\/stoatwordpressprod.blob.core.windows.net\/wpcontent\/2022\/12\/Logo.webp","contentUrl":"https:\/\/stoatwordpressprod.blob.core.windows.net\/wpcontent\/2022\/12\/Logo.webp","width":110,"height":110,"caption":"Poder Judicial de Puerto Rico"},"image":{"@id":"https:\/\/poderjudicial.pr\/#\/schema\/logo\/image\/"}}]}},"_links":{"self":[{"href":"https:\/\/poderjudicial.pr\/wp-json\/wp\/v2\/pages\/243169","targetHints":{"allow":["GET"]}}],"collection":[{"href":"https:\/\/poderjudicial.pr\/wp-json\/wp\/v2\/pages"}],"about":[{"href":"https:\/\/poderjudicial.pr\/wp-json\/wp\/v2\/types\/page"}],"author":[{"embeddable":true,"href":"https:\/\/poderjudicial.pr\/wp-json\/wp\/v2\/users\/4"}],"replies":[{"embeddable":true,"href":"https:\/\/poderjudicial.pr\/wp-json\/wp\/v2\/comments?post=243169"}],"version-history":[{"count":0,"href":"https:\/\/poderjudicial.pr\/wp-json\/wp\/v2\/pages\/243169\/revisions"}],"wp:attachment":[{"href":"https:\/\/poderjudicial.pr\/wp-json\/wp\/v2\/media?parent=243169"}],"curies":[{"name":"wp","href":"https:\/\/api.w.org\/{rel}","templated":true}]}}